{"id":467,"date":"2019-04-30T08:09:43","date_gmt":"2019-04-30T08:09:43","guid":{"rendered":"https:\/\/pointofkiosk.com\/pok\/?page_id=467"},"modified":"2023-04-25T09:33:52","modified_gmt":"2023-04-25T09:33:52","slug":"privacy-policy","status":"publish","type":"page","link":"https:\/\/pointofkiosk.com\/pok\/es\/privacy-policy\/","title":{"rendered":"Pol\u00edtica Privacidad"},"content":{"rendered":"<p>POL\u00cdTICA DE PRIVACIDAD en el procesamiento de informaci\u00f3n personal Arts. 12 et seq de la Regulaci\u00f3n (UE) 2016\/679 (RGPD)<\/p>\n\n\n<h4 class=\"has-luminous-vivid-amber-color has-text-color\">PRE\u00c1MBULO<\/h4>\n\n\n\n<p>En cumplimiento de las disposiciones de la Regulaci\u00f3n de la UE 2016\/679 (en adelante RGPD) ofrecemos aqu\u00ed informaci\u00f3n relacionada con el procesamiento de la informaci\u00f3n personal facilitada por la persona interesada en relaci\u00f3n con el responsable del tratamiento (como se define a continuaci\u00f3n).<\/p>\n\n\n\n<p>La informaci\u00f3n se proporciona de acuerdo con el art. 13 RGPD.<\/p>\n\n\n\n<p><\/p>\n\n\n\n<h4 class=\"has-luminous-vivid-amber-color has-text-color\">1. IDENTIDAD Y DATOS DE CONTACTO<\/h4>\n\n\n\n<p>El responsable del tratamiento es Chapp Global SLU, con domicilio registrado en Parque Cient\u00edfico Tecnol\u00f3gico \u2013 Edificio Polivalente 3, P3, Oficinas 305-306. 35017, Las Palmas de Gran Canaria \/ Spain y la informaci\u00f3n de contacto es: email: hello@chappsolutions.com, tel: 0034 928459581.<\/p>\n\n\n\n<p><\/p>\n\n\n\n<h4 class=\"has-luminous-vivid-amber-color has-text-color\">2. DATOS DE CONTACTO DEL DELEGADO DE PROTECCI\u00d3N DE DATOS (DPD)<\/h4>\n\n\n\n<p>El Delegado de Protecci\u00f3n de Datos es VTV Asesores S.L.P B-96256649. Persona de contacto: Don Antonio Aguilar Navarro; tel: +34 963 531 136; email: privacidad@graconsultores.com<\/p>\n\n\n\n<p><\/p>\n\n\n\n<h4 class=\"has-luminous-vivid-amber-color has-text-color\">3. PROP\u00d3SITO DEL PROCESAMIENTO, BASES LEGALES Y PERIODO DE RETENCI\u00d3N<\/h4>\n\n\n\n<figure class=\"wp-block-image size-full is-resized\"><img data-attachment-id=\"992\" data-permalink=\"https:\/\/pointofkiosk.com\/pok\/es\/privacy-policy\/captura-de-pantalla-2022-02-22-a-las-13-30-21-1\/\" data-orig-file=\"https:\/\/pointofkiosk.com\/pok\/wp-content\/uploads\/2022\/05\/captura-de-pantalla-2022-02-22-a-las-13.30.21-1.png\" data-orig-size=\"852,1040\" data-comments-opened=\"0\" data-image-meta=\"{&quot;aperture&quot;:&quot;0&quot;,&quot;credit&quot;:&quot;&quot;,&quot;camera&quot;:&quot;&quot;,&quot;caption&quot;:&quot;&quot;,&quot;created_timestamp&quot;:&quot;0&quot;,&quot;copyright&quot;:&quot;&quot;,&quot;focal_length&quot;:&quot;0&quot;,&quot;iso&quot;:&quot;0&quot;,&quot;shutter_speed&quot;:&quot;0&quot;,&quot;title&quot;:&quot;&quot;,&quot;orientation&quot;:&quot;0&quot;}\" data-image-title=\"captura-de-pantalla-2022-02-22-a-las-13.30.21-1\" data-image-description=\"\" data-medium-file=\"https:\/\/pointofkiosk.com\/pok\/wp-content\/uploads\/2022\/05\/captura-de-pantalla-2022-02-22-a-las-13.30.21-1-300x300.png\" data-large-file=\"https:\/\/pointofkiosk.com\/pok\/wp-content\/uploads\/2022\/05\/captura-de-pantalla-2022-02-22-a-las-13.30.21-1-1024x1024.png\" loading=\"lazy\" src=\"https:\/\/pointofkiosk.com\/pok\/wp-content\/uploads\/2022\/05\/captura-de-pantalla-2022-02-22-a-las-13.09.48.png\" alt=\"\" class=\"wp-image-992\" width=\"565\" height=\"716\"\/><\/figure>\n\n\n\n<p>*Despu\u00e9s del borrado, la informaci\u00f3n debe ser retenida por un periodo adicional de hasta un a\u00f1o, dependiendo de las pol\u00edticas de copias de backup.<\/p>\n\n\n\n<p><\/p>\n\n\n\n<h4 class=\"has-luminous-vivid-amber-color has-text-color\">4. CAR\u00c1CTER OBLIGATORIO DE LA PROVISI\u00d3N DE DATOS<\/h4>\n\n\n\n<p>Es obligatorio facilitar al responsable del tratamiento la informaci\u00f3n esencial para la ejecuci\u00f3n de la relaci\u00f3n contractual, as\u00ed como la informaci\u00f3n necesaria para cumplir con las obligaciones dictadas por la ley, regulaciones, legislaciones p\u00fablicas o por Autoridades con legitimidad para ello y por cuerpos de supervisi\u00f3n y control (referidos en prop\u00f3sitos a) y e) arriba)<\/p>\n\n\n\n<p>Data that are not essential for the performance of the contractual relationship are qualified and considered supplementary and their provision by the data subject, if requested, is optional and subject to consent. Consent provided may be withdrawn by the data subject at any time by sending an email to the address: hello@chappsolutions.com. Such withdrawal shall in no way affect the lawfulness of processing based on the consents given prior to withdrawal of consent.<\/p>\n\n\n\n<p><\/p>\n\n\n\n<h4 class=\"has-luminous-vivid-amber-color has-text-color\">5. M\u00c9TODOS DE PROCESAMIENTO<\/h4>\n\n\n\n<p>La informaci\u00f3n personal ser\u00e1 registrada, procesada y guardada en los archivos del responsable del tratamiento, en formato papel y electr\u00f3nico, en cumplimiento con las medidas t\u00e9cnicas y organizacionales referidas en el Art. 32 de RGPD. El procesamiento de la informaci\u00f3n personal del interesado puede ser cualquier de las operaciones descritas en el Art. 4, p\u00e1rrafo 1, punto 2 del RGPD.<\/p>\n\n\n\n<p>La informaci\u00f3n personal se procesar\u00e1 usando herramientas y procedimientos adecuados que garanticen la seguridad y confidencialidad. Dicho procesamiento se puede realizar de manera directa o a trav\u00e9s de terceras partes, ya sea en formato papel o electr\u00f3nico. Para poder gestionar adecuadamente la relaci\u00f3n y ejecuci\u00f3n de obligaciones legales, puede que informaci\u00f3n personal se incluya en documentaci\u00f3n interna del responsable del tratamiento y, si es necesario, en los documentos y registros requeridos por la ley.<\/p>\n\n\n\n<p>Tu informaci\u00f3n puede ser procesada por empleados de la compa\u00f1\u00eda del responsable del tratamiento para poder cumplir los prop\u00f3sitos mencionados arriba. Estos empleados han sido autorizados expresamente para procesar la informaci\u00f3n y han recibido instrucciones operacionales adecuadas en virtud del Art. 29 RGPD.<\/p>\n\n\n\n<p><\/p>\n\n\n\n<h4 class=\"has-luminous-vivid-amber-color has-text-color\">6. CATEGOR\u00cdAS DE LOS DESTINATARIOS DE LA INFORMACI\u00d3N PERSONAL<\/h4>\n\n\n\n<p>La informaci\u00f3n puede ser comunicada y procesada por partes externas que operan como responsables del tratamiento aut\u00f3nomos bajo los Art\u00edculos 4 y 24 del RGPD, como por ejemplo, autoridades y cuerpos de supervisi\u00f3n y control y, en genera, sujetos p\u00fablicos o privados facultados para pedir la informaci\u00f3n y\/o las personas que act\u00faan como procesadores de datos bajo el Art. 28 RGPD, como otras compa\u00f1\u00edas del grupo Zucchetti, consultor\u00edas\/firmas profesionales y\/o profesionales jur\u00eddicos y asesores fiscales y compa\u00f1\u00edas de seguros.<\/p>\n\n\n\n<p>La informaci\u00f3n puede ser comunicada a socios comerciales del responsable del tratamiento para el desempe\u00f1o de los servicios relacionados con la ejecuci\u00f3n del contrato o para llevar a cabo acciones comerciales, sujeto a tu consentimiento expreso.<\/p>\n\n\n\n<p><\/p>\n\n\n\n<h4 class=\"has-luminous-vivid-amber-color has-text-color\">7. TRANSFERENCIA DE DATOS FUERA DE LA UE<\/h4>\n\n\n\n<p>La informaci\u00f3n facilitada por el interesado ser\u00e1 procesada en pa\u00edses de la Uni\u00f3n Europea y\/o Suiza. En caso de que la informaci\u00f3n personal del interesado no sea procesada en un pa\u00eds de la UE o Suiza, se garantizar\u00e1n los derechos del interesado por la reglamentaci\u00f3n comunitaria y se notificar\u00e1 al interesado de este hecho.<\/p>\n\n\n\n<p><\/p>\n\n\n\n<h4 class=\"has-luminous-vivid-amber-color has-text-color\">8. DERECHOS DEL INTERESADO<\/h4>\n\n\n\n<p>En virtud de los Art\u00edculos 15 et seq del RGPD, el interesado puede ejercer los siguientes derechos:<\/p>\n\n\n\n<ul><li>acceso: obtener informaci\u00f3n de si la informaci\u00f3n personal del interesado est\u00e1 siendo procesada o no y el derecho a acceder a dicha informaci\u00f3n; solicitudes manifiestamente injustificadas, excesivas o repetitivas no pueden ser atendidas;<\/li><li>rectificaci\u00f3n: corregir\/que sea corregida la informaci\u00f3n personal en caso de que sea incorrecta o est\u00e9 desactualizada y completar informaci\u00f3n si est\u00e1 incompleta;<\/li><li>borrado\/olvido: en algunos casos, obtener la eliminaci\u00f3n de la informaci\u00f3n personal proporcionada; este no es un derecho absoluto, ya que el responsable del tratamiento puede tener razones leg\u00edtimas o legales para retener la informaci\u00f3n;<\/li><li>limitaci\u00f3n: la informaci\u00f3n ser\u00e1 guardada, pero no se podr\u00e1 seguir procesando, en los casos previstos en la regulaci\u00f3n;<\/li><li>portabilidad: mover, copiar o transferir la informaci\u00f3n de la base de datos del responsable del tratamiento a terceras partes. Esto aplica solo a la informaci\u00f3n facilitada por el interesado para la ejecuci\u00f3n del contrato o cuando se haya dado consentimiento expreso y el procesamiento se realice por medios autom\u00e1ticos;<\/li><li>objeci\u00f3n a marketing directo;<\/li><li>Retirada del consentimiento en cualquier momento si el procesamiento se basa en un consentimiento.<\/li><\/ul>\n\n\n\n<p>Se debe tener en cuenta que - antes de procesar las solicitudes - el responsable del tratamiento puede comprobar la identidad del interesado para evaluar la legitimidad del mismo.<\/p>\n\n\n\n<p>To exercise such rights, the data subject may contact the Data Controller at hello@chappsolutions.com or call 0034 928459581.<br>El responsable del tratamiento debe responder dentro de los 30 d\u00edas posteriores a la recepci\u00f3n de la solicitud formal del interesado.<br><br>En caso de que sienta vulnerados sus derechos en lo concerniente a la protecci\u00f3n de sus datos personales, especialmente cuando no haya obtenido satisfacci\u00f3n en el ejercicio de sus derechos, puede presentar una reclamaci\u00f3n ante la Autoridad de Control en materia de Protecci\u00f3n de Datos competente a trav\u00e9s de su sitio web: www.agpd.es.<\/p>","protected":false},"excerpt":{"rendered":"<p>PRIVACY POLICY on the processing of personal data Arts. 12 et seq of Regulation (EU) 2016\/679 (GDPR) FOREWORD In compliance with the provisions of EU Regulation 2016\/679 (hereafter GDPR) we hereby provide information regarding the processing of personal data provided by the data subject, relating to the relationships with the Data Controller (as defined hereafter). [&hellip;]<\/p>","protected":false},"author":1,"featured_media":0,"parent":0,"menu_order":0,"comment_status":"closed","ping_status":"closed","template":"","meta":{"spay_email":""},"yoast_head":"<!-- This site is optimized with the Yoast SEO plugin v14.8.1 - https:\/\/yoast.com\/wordpress\/plugins\/seo\/ -->\n<title>Privacy Policy - Point of Kiosk<\/title>\n<meta name=\"robots\" content=\"index, follow\" \/>\n<meta name=\"googlebot\" content=\"index, follow, max-snippet:-1, max-image-preview:large, max-video-preview:-1\" \/>\n<meta name=\"bingbot\" content=\"index, follow, max-snippet:-1, max-image-preview:large, max-video-preview:-1\" \/>\n<link rel=\"canonical\" href=\"https:\/\/pointofkiosk.com\/pok\/es\/privacy-policy\/\" \/>\n<meta property=\"og:locale\" content=\"es_ES\" \/>\n<meta property=\"og:type\" content=\"article\" \/>\n<meta property=\"og:title\" content=\"Privacy Policy - Point of Kiosk\" \/>\n<meta property=\"og:description\" content=\"PRIVACY POLICY on the processing of personal data Arts. 12 et seq of Regulation (EU) 2016\/679 (GDPR) FOREWORD In compliance with the provisions of EU Regulation 2016\/679 (hereafter GDPR) we hereby provide information regarding the processing of personal data provided by the data subject, relating to the relationships with the Data Controller (as defined hereafter). [&hellip;]\" \/>\n<meta property=\"og:url\" content=\"https:\/\/pointofkiosk.com\/pok\/es\/privacy-policy\/\" \/>\n<meta property=\"og:site_name\" content=\"Point of Kiosk\" \/>\n<meta property=\"article:modified_time\" content=\"2023-04-25T09:33:52+00:00\" \/>\n<meta property=\"og:image\" content=\"https:\/\/pointofkiosk.com\/pok\/wp-content\/uploads\/2022\/05\/captura-de-pantalla-2022-02-22-a-las-13.30.21-1.png\" \/>\n<meta name=\"twitter:card\" content=\"summary\" \/>\n<script type=\"application\/ld+json\" class=\"yoast-schema-graph\">{\"@context\":\"https:\/\/schema.org\",\"@graph\":[{\"@type\":\"WebSite\",\"@id\":\"https:\/\/pointofkiosk.com\/pok\/es\/#website\",\"url\":\"https:\/\/pointofkiosk.com\/pok\/es\/\",\"name\":\"Point of Kiosk\",\"description\":\"Self service new generation\",\"potentialAction\":[{\"@type\":\"SearchAction\",\"target\":\"https:\/\/pointofkiosk.com\/pok\/es\/?s={search_term_string}\",\"query-input\":\"required name=search_term_string\"}],\"inLanguage\":\"es\"},{\"@type\":\"ImageObject\",\"@id\":\"https:\/\/pointofkiosk.com\/pok\/privacy-policy\/#primaryimage\",\"inLanguage\":\"es\",\"url\":\"https:\/\/pointofkiosk.com\/pok\/wp-content\/uploads\/2022\/05\/captura-de-pantalla-2022-02-22-a-las-13.30.21-1.png\",\"width\":852,\"height\":1040},{\"@type\":\"WebPage\",\"@id\":\"https:\/\/pointofkiosk.com\/pok\/privacy-policy\/#webpage\",\"url\":\"https:\/\/pointofkiosk.com\/pok\/privacy-policy\/\",\"name\":\"Privacy Policy - Point of Kiosk\",\"isPartOf\":{\"@id\":\"https:\/\/pointofkiosk.com\/pok\/es\/#website\"},\"primaryImageOfPage\":{\"@id\":\"https:\/\/pointofkiosk.com\/pok\/privacy-policy\/#primaryimage\"},\"datePublished\":\"2019-04-30T08:09:43+00:00\",\"dateModified\":\"2023-04-25T09:33:52+00:00\",\"breadcrumb\":{\"@id\":\"https:\/\/pointofkiosk.com\/pok\/privacy-policy\/#breadcrumb\"},\"inLanguage\":\"es\",\"potentialAction\":[{\"@type\":\"ReadAction\",\"target\":[\"https:\/\/pointofkiosk.com\/pok\/privacy-policy\/\"]}]},{\"@type\":\"BreadcrumbList\",\"@id\":\"https:\/\/pointofkiosk.com\/pok\/privacy-policy\/#breadcrumb\",\"itemListElement\":[{\"@type\":\"ListItem\",\"position\":1,\"item\":{\"@type\":\"WebPage\",\"@id\":\"https:\/\/pointofkiosk.com\/pok\/\",\"url\":\"https:\/\/pointofkiosk.com\/pok\/\",\"name\":\"Portada\"}},{\"@type\":\"ListItem\",\"position\":2,\"item\":{\"@type\":\"WebPage\",\"@id\":\"https:\/\/pointofkiosk.com\/pok\/privacy-policy\/\",\"url\":\"https:\/\/pointofkiosk.com\/pok\/privacy-policy\/\",\"name\":\"Privacy Policy\"}}]}]}<\/script>\n<!-- \/ Yoast SEO plugin. -->","jetpack-related-posts":[{"id":974,"url":"https:\/\/pointofkiosk.com\/pok\/es\/cookie-policy-eu\/","url_meta":{"origin":467,"position":0},"title":"Cookie Policy (EU)","date":"2 mayo, 2022","format":false,"excerpt":"","rel":"","context":"Entrada similar","img":{"alt_text":"","src":"","width":0,"height":0},"classes":[]},{"id":975,"url":"https:\/\/pointofkiosk.com\/pok\/es\/cookie-policy-uk\/","url_meta":{"origin":467,"position":1},"title":"Cookie Policy (UK)","date":"2 mayo, 2022","format":false,"excerpt":"","rel":"","context":"Entrada similar","img":{"alt_text":"","src":"","width":0,"height":0},"classes":[]},{"id":976,"url":"https:\/\/pointofkiosk.com\/pok\/es\/cookie-policy-us\/","url_meta":{"origin":467,"position":2},"title":"Cookie Policy (US)","date":"2 mayo, 2022","format":false,"excerpt":"","rel":"","context":"Entrada similar","img":{"alt_text":"","src":"","width":0,"height":0},"classes":[]},{"id":977,"url":"https:\/\/pointofkiosk.com\/pok\/es\/cookie-policy-ca\/","url_meta":{"origin":467,"position":3},"title":"Cookie Policy (CA)","date":"2 mayo, 2022","format":false,"excerpt":"","rel":"","context":"Entrada similar","img":{"alt_text":"","src":"","width":0,"height":0},"classes":[]},{"id":978,"url":"https:\/\/pointofkiosk.com\/pok\/es\/cookie-policy-au\/","url_meta":{"origin":467,"position":4},"title":"Cookie Policy (AU)","date":"2 mayo, 2022","format":false,"excerpt":"","rel":"","context":"Entrada similar","img":{"alt_text":"","src":"","width":0,"height":0},"classes":[]},{"id":979,"url":"https:\/\/pointofkiosk.com\/pok\/es\/cookie-policy-za\/","url_meta":{"origin":467,"position":5},"title":"Cookie Policy (ZA)","date":"2 mayo, 2022","format":false,"excerpt":"","rel":"","context":"Entrada similar","img":{"alt_text":"","src":"","width":0,"height":0},"classes":[]}],"_links":{"self":[{"href":"https:\/\/pointofkiosk.com\/pok\/es\/wp-json\/wp\/v2\/pages\/467"}],"collection":[{"href":"https:\/\/pointofkiosk.com\/pok\/es\/wp-json\/wp\/v2\/pages"}],"about":[{"href":"https:\/\/pointofkiosk.com\/pok\/es\/wp-json\/wp\/v2\/types\/page"}],"author":[{"embeddable":true,"href":"https:\/\/pointofkiosk.com\/pok\/es\/wp-json\/wp\/v2\/users\/1"}],"replies":[{"embeddable":true,"href":"https:\/\/pointofkiosk.com\/pok\/es\/wp-json\/wp\/v2\/comments?post=467"}],"version-history":[{"count":16,"href":"https:\/\/pointofkiosk.com\/pok\/es\/wp-json\/wp\/v2\/pages\/467\/revisions"}],"predecessor-version":[{"id":1014,"href":"https:\/\/pointofkiosk.com\/pok\/es\/wp-json\/wp\/v2\/pages\/467\/revisions\/1014"}],"wp:attachment":[{"href":"https:\/\/pointofkiosk.com\/pok\/es\/wp-json\/wp\/v2\/media?parent=467"}],"curies":[{"name":"wp","href":"https:\/\/api.w.org\/{rel}","templated":true}]}}